{"id":96,"date":"2019-06-18T17:52:50","date_gmt":"2019-06-18T15:52:50","guid":{"rendered":"http:\/\/ec2-52-47-102-191.eu-west-3.compute.amazonaws.com\/?page_id=96"},"modified":"2019-06-30T18:36:57","modified_gmt":"2019-06-30T16:36:57","slug":"contact","status":"publish","type":"page","link":"https:\/\/www.fullmotoservice.fr\/index.php\/contact\/","title":{"rendered":"Contact"},"content":{"rendered":"\n<p>Pour tout renseignement, n&rsquo;h\u00e9sitez pas \u00e0 me contacter par t\u00e9l\u00e9phone : 04 83 57 36 96 <\/p>\n\n\n\n<p>Ou  par mail \u00a0: <a href=\"mailto:yann.claviez@fullmotoservice.fr\">yann.claviez@fullmotoservice.fr<\/a> <\/p>\n\n\n\n<p>Sinon, retrouvez-moi directement <a href=\"http:\/\/www.fullmotoservice.fr\/index.php\/horaires-et-plans\/\">au magasin<\/a>.<\/p>\n","protected":false},"excerpt":{"rendered":"<div class=\"slide-text-bg2\"><span>Pour tout renseignement, n&rsquo;h\u00e9sitez pas \u00e0 me contacter par t\u00e9l\u00e9phone : 04 83 57 36 96 Ou par mail \u00a0: yann.claviez@fullmotoservice.fr Sinon, retro<\/span><\/div>\n<div class=\"slide-btn-area-sm\"><a href=\"https:\/\/www.fullmotoservice.fr\/index.php\/contact\/\" class=\"slide-btn-sm\">Lire la suite<\/a><\/div>\n","protected":false},"author":1,"featured_media":0,"parent":0,"menu_order":0,"comment_status":"closed","ping_status":"closed","template":"","meta":{"footnotes":""},"class_list":["post-96","page","type-page","status-publish","hentry"],"_links":{"self":[{"href":"https:\/\/www.fullmotoservice.fr\/index.php\/wp-json\/wp\/v2\/pages\/96","targetHints":{"allow":["GET"]}}],"collection":[{"href":"https:\/\/www.fullmotoservice.fr\/index.php\/wp-json\/wp\/v2\/pages"}],"about":[{"href":"https:\/\/www.fullmotoservice.fr\/index.php\/wp-json\/wp\/v2\/types\/page"}],"author":[{"embeddable":true,"href":"https:\/\/www.fullmotoservice.fr\/index.php\/wp-json\/wp\/v2\/users\/1"}],"replies":[{"embeddable":true,"href":"https:\/\/www.fullmotoservice.fr\/index.php\/wp-json\/wp\/v2\/comments?post=96"}],"version-history":[{"count":5,"href":"https:\/\/www.fullmotoservice.fr\/index.php\/wp-json\/wp\/v2\/pages\/96\/revisions"}],"predecessor-version":[{"id":164,"href":"https:\/\/www.fullmotoservice.fr\/index.php\/wp-json\/wp\/v2\/pages\/96\/revisions\/164"}],"wp:attachment":[{"href":"https:\/\/www.fullmotoservice.fr\/index.php\/wp-json\/wp\/v2\/media?parent=96"}],"curies":[{"name":"wp","href":"https:\/\/api.w.org\/{rel}","templated":true}]}}