{"id":38,"date":"2019-06-02T17:45:52","date_gmt":"2019-06-02T15:45:52","guid":{"rendered":"http:\/\/demo.lan\/?page_id=38"},"modified":"2024-04-23T20:24:27","modified_gmt":"2024-04-23T18:24:27","slug":"accueil","status":"publish","type":"page","link":"https:\/\/www.fullmotoservice.fr\/","title":{"rendered":"Accueil"},"content":{"rendered":"\n<h2 class=\"wp-block-heading has-text-align-center\">Bienvenue chez Full Moto Service <\/h2>\n\n\n<div class=\"wp-block-image\">\n<figure class=\"aligncenter size-large\"><img loading=\"lazy\" decoding=\"async\" width=\"768\" height=\"1024\" src=\"http:\/\/www.fullmotoservice.fr\/wp-content\/uploads\/2024\/04\/1-768x1024.jpg\" alt=\"\" class=\"wp-image-268\" style=\"aspect-ratio:16\/9;object-fit:cover\" srcset=\"https:\/\/www.fullmotoservice.fr\/wp-content\/uploads\/2024\/04\/1-768x1024.jpg 768w, https:\/\/www.fullmotoservice.fr\/wp-content\/uploads\/2024\/04\/1-225x300.jpg 225w, https:\/\/www.fullmotoservice.fr\/wp-content\/uploads\/2024\/04\/1-1152x1536.jpg 1152w, https:\/\/www.fullmotoservice.fr\/wp-content\/uploads\/2024\/04\/1-1536x2048.jpg 1536w, https:\/\/www.fullmotoservice.fr\/wp-content\/uploads\/2024\/04\/1-scaled.jpg 1920w\" sizes=\"auto, (max-width: 768px) 100vw, 768px\" \/><\/figure>\n<\/div>\n\n\n<p class=\"has-text-align-center\"><br><strong> Votre garage 2 roues sur Carqueiranne.<br> Ici on entretient, on r\u00e9pare et on restaure les machines d&rsquo;hier et d&rsquo;aujourd&rsquo;hui,<\/strong><\/p>\n\n\n\n<p class=\"has-text-align-center\"><strong> toutes marques et cylindr\u00e9es.<\/strong><\/p>\n\n\n<div class=\"wp-block-image\">\n<figure class=\"aligncenter size-large\"><img loading=\"lazy\" decoding=\"async\" width=\"768\" height=\"1024\" src=\"http:\/\/www.fullmotoservice.fr\/wp-content\/uploads\/2024\/04\/2-768x1024.jpg\" alt=\"\" class=\"wp-image-269\" style=\"aspect-ratio:16\/9;object-fit:cover\" srcset=\"https:\/\/www.fullmotoservice.fr\/wp-content\/uploads\/2024\/04\/2-768x1024.jpg 768w, https:\/\/www.fullmotoservice.fr\/wp-content\/uploads\/2024\/04\/2-225x300.jpg 225w, https:\/\/www.fullmotoservice.fr\/wp-content\/uploads\/2024\/04\/2-1152x1536.jpg 1152w, https:\/\/www.fullmotoservice.fr\/wp-content\/uploads\/2024\/04\/2-1536x2048.jpg 1536w, https:\/\/www.fullmotoservice.fr\/wp-content\/uploads\/2024\/04\/2-scaled.jpg 1920w\" sizes=\"auto, (max-width: 768px) 100vw, 768px\" \/><\/figure>\n<\/div>\n\n\n<p><\/p>\n\n\n<div class=\"wp-block-image\">\n<figure class=\"aligncenter size-large\"><img loading=\"lazy\" decoding=\"async\" width=\"768\" height=\"1024\" src=\"http:\/\/www.fullmotoservice.fr\/wp-content\/uploads\/2024\/04\/3-768x1024.jpg\" alt=\"\" class=\"wp-image-270\" style=\"aspect-ratio:16\/9;object-fit:cover\" srcset=\"https:\/\/www.fullmotoservice.fr\/wp-content\/uploads\/2024\/04\/3-768x1024.jpg 768w, https:\/\/www.fullmotoservice.fr\/wp-content\/uploads\/2024\/04\/3-225x300.jpg 225w, https:\/\/www.fullmotoservice.fr\/wp-content\/uploads\/2024\/04\/3-1152x1536.jpg 1152w, https:\/\/www.fullmotoservice.fr\/wp-content\/uploads\/2024\/04\/3-1536x2048.jpg 1536w, https:\/\/www.fullmotoservice.fr\/wp-content\/uploads\/2024\/04\/3-scaled.jpg 1920w\" sizes=\"auto, (max-width: 768px) 100vw, 768px\" \/><\/figure>\n<\/div>\n\n\n<p><\/p>\n\n\n\n<p class=\"has-text-align-center\"><strong>Une multitude de prestations, de services et de solutions vous y attendent.<\/strong><\/p>\n\n\n<div class=\"wp-block-image\">\n<figure class=\"aligncenter size-large\"><img loading=\"lazy\" decoding=\"async\" width=\"768\" height=\"1024\" src=\"http:\/\/www.fullmotoservice.fr\/wp-content\/uploads\/2024\/04\/4-768x1024.jpg\" alt=\"\" class=\"wp-image-271\" style=\"aspect-ratio:16\/9;object-fit:cover\" srcset=\"https:\/\/www.fullmotoservice.fr\/wp-content\/uploads\/2024\/04\/4-768x1024.jpg 768w, https:\/\/www.fullmotoservice.fr\/wp-content\/uploads\/2024\/04\/4-225x300.jpg 225w, https:\/\/www.fullmotoservice.fr\/wp-content\/uploads\/2024\/04\/4-1152x1536.jpg 1152w, https:\/\/www.fullmotoservice.fr\/wp-content\/uploads\/2024\/04\/4-1536x2048.jpg 1536w, https:\/\/www.fullmotoservice.fr\/wp-content\/uploads\/2024\/04\/4-scaled.jpg 1920w\" sizes=\"auto, (max-width: 768px) 100vw, 768px\" \/><\/figure>\n<\/div>\n\n\n<p><\/p>\n\n\n\n<p class=\"has-text-align-center\"><strong>Mon objectif est de vous conseiller et de vous servir au mieux,<\/strong><\/p>\n\n\n\n<p class=\"has-text-align-center\"><strong>en tenant compte de vos attentes de qualit\u00e9 d\u2019accueil, de travaux soign\u00e9s et de justesse des tarifs.<\/strong><\/p>\n\n\n<div class=\"wp-block-image\">\n<figure class=\"aligncenter size-large\"><img loading=\"lazy\" decoding=\"async\" width=\"768\" height=\"1024\" src=\"http:\/\/www.fullmotoservice.fr\/wp-content\/uploads\/2024\/04\/5-768x1024.jpg\" alt=\"\" class=\"wp-image-272\" style=\"aspect-ratio:16\/9;object-fit:cover\" srcset=\"https:\/\/www.fullmotoservice.fr\/wp-content\/uploads\/2024\/04\/5-768x1024.jpg 768w, https:\/\/www.fullmotoservice.fr\/wp-content\/uploads\/2024\/04\/5-225x300.jpg 225w, https:\/\/www.fullmotoservice.fr\/wp-content\/uploads\/2024\/04\/5-1152x1536.jpg 1152w, https:\/\/www.fullmotoservice.fr\/wp-content\/uploads\/2024\/04\/5-1536x2048.jpg 1536w, https:\/\/www.fullmotoservice.fr\/wp-content\/uploads\/2024\/04\/5-scaled.jpg 1920w\" sizes=\"auto, (max-width: 768px) 100vw, 768px\" \/><\/figure>\n<\/div>\n\n\n<p><\/p>\n\n\n<div class=\"wp-block-image\">\n<figure class=\"aligncenter size-large\"><img loading=\"lazy\" decoding=\"async\" width=\"768\" height=\"1024\" src=\"http:\/\/www.fullmotoservice.fr\/wp-content\/uploads\/2024\/04\/6-768x1024.jpg\" alt=\"\" class=\"wp-image-273\" style=\"aspect-ratio:16\/9;object-fit:cover\" srcset=\"https:\/\/www.fullmotoservice.fr\/wp-content\/uploads\/2024\/04\/6-768x1024.jpg 768w, https:\/\/www.fullmotoservice.fr\/wp-content\/uploads\/2024\/04\/6-225x300.jpg 225w, https:\/\/www.fullmotoservice.fr\/wp-content\/uploads\/2024\/04\/6-1152x1536.jpg 1152w, https:\/\/www.fullmotoservice.fr\/wp-content\/uploads\/2024\/04\/6-1536x2048.jpg 1536w, https:\/\/www.fullmotoservice.fr\/wp-content\/uploads\/2024\/04\/6-scaled.jpg 1920w\" sizes=\"auto, (max-width: 768px) 100vw, 768px\" \/><\/figure>\n<\/div>\n\n\n<p><\/p>\n\n\n\n<p class=\"has-text-align-center\"><strong>Le concept est simple, ma passion \u00e0 votre service. L&rsquo;accent mis sur l&rsquo;accueil client. <\/strong><\/p>\n\n\n\n<p class=\"has-text-align-center\"><strong>Un seul interlocuteur, un seul m\u00e9cano&#8230;votre m\u00e9cano.<br> \u00e0 bient\u00f4t!<\/strong><\/p>\n\n\n\n<p><strong>Yann Claviez<\/strong><\/p>\n\n\n\n<p class=\"has-text-align-center\"><\/p>\n","protected":false},"excerpt":{"rendered":"<div class=\"slide-text-bg2\"><span>Bienvenue chez Full Moto Service Votre garage 2 roues sur Carqueiranne. Ici on entretient, on r\u00e9pare et on restaure les machines d&rsquo;hier et d&rsquo;a<\/span><\/div>\n<div class=\"slide-btn-area-sm\"><a href=\"https:\/\/www.fullmotoservice.fr\/\" class=\"slide-btn-sm\">Lire la suite<\/a><\/div>\n","protected":false},"author":1,"featured_media":0,"parent":0,"menu_order":0,"comment_status":"closed","ping_status":"closed","template":"","meta":{"footnotes":""},"class_list":["post-38","page","type-page","status-publish","hentry"],"_links":{"self":[{"href":"https:\/\/www.fullmotoservice.fr\/index.php\/wp-json\/wp\/v2\/pages\/38","targetHints":{"allow":["GET"]}}],"collection":[{"href":"https:\/\/www.fullmotoservice.fr\/index.php\/wp-json\/wp\/v2\/pages"}],"about":[{"href":"https:\/\/www.fullmotoservice.fr\/index.php\/wp-json\/wp\/v2\/types\/page"}],"author":[{"embeddable":true,"href":"https:\/\/www.fullmotoservice.fr\/index.php\/wp-json\/wp\/v2\/users\/1"}],"replies":[{"embeddable":true,"href":"https:\/\/www.fullmotoservice.fr\/index.php\/wp-json\/wp\/v2\/comments?post=38"}],"version-history":[{"count":25,"href":"https:\/\/www.fullmotoservice.fr\/index.php\/wp-json\/wp\/v2\/pages\/38\/revisions"}],"predecessor-version":[{"id":291,"href":"https:\/\/www.fullmotoservice.fr\/index.php\/wp-json\/wp\/v2\/pages\/38\/revisions\/291"}],"wp:attachment":[{"href":"https:\/\/www.fullmotoservice.fr\/index.php\/wp-json\/wp\/v2\/media?parent=38"}],"curies":[{"name":"wp","href":"https:\/\/api.w.org\/{rel}","templated":true}]}}