{"id":27,"date":"2019-06-02T17:38:46","date_gmt":"2019-06-02T15:38:46","guid":{"rendered":"http:\/\/demo.lan\/?page_id=27"},"modified":"2025-01-06T15:58:38","modified_gmt":"2025-01-06T14:58:38","slug":"les-motos","status":"publish","type":"page","link":"https:\/\/www.fullmotoservice.fr\/index.php\/les-motos\/","title":{"rendered":"Les prestations"},"content":{"rendered":"\n<p><\/p>\n\n\n<div class=\"wp-block-image\">\n<figure class=\"aligncenter size-large\"><img loading=\"lazy\" decoding=\"async\" width=\"746\" height=\"1024\" src=\"http:\/\/www.fullmotoservice.fr\/wp-content\/uploads\/2025\/01\/Tarifs-2025-page-1-001-746x1024.jpg\" alt=\"\" class=\"wp-image-315\" srcset=\"https:\/\/www.fullmotoservice.fr\/wp-content\/uploads\/2025\/01\/Tarifs-2025-page-1-001-746x1024.jpg 746w, https:\/\/www.fullmotoservice.fr\/wp-content\/uploads\/2025\/01\/Tarifs-2025-page-1-001-219x300.jpg 219w, https:\/\/www.fullmotoservice.fr\/wp-content\/uploads\/2025\/01\/Tarifs-2025-page-1-001-768x1054.jpg 768w, https:\/\/www.fullmotoservice.fr\/wp-content\/uploads\/2025\/01\/Tarifs-2025-page-1-001-1119x1536.jpg 1119w, https:\/\/www.fullmotoservice.fr\/wp-content\/uploads\/2025\/01\/Tarifs-2025-page-1-001-1492x2048.jpg 1492w, https:\/\/www.fullmotoservice.fr\/wp-content\/uploads\/2025\/01\/Tarifs-2025-page-1-001-scaled.jpg 1865w\" sizes=\"auto, (max-width: 746px) 100vw, 746px\" \/><\/figure>\n<\/div>\n\n\n<p><\/p>\n\n\n<div class=\"wp-block-image is-style-default\">\n<figure class=\"aligncenter size-large\"><img loading=\"lazy\" decoding=\"async\" width=\"746\" height=\"1024\" src=\"http:\/\/www.fullmotoservice.fr\/wp-content\/uploads\/2025\/01\/Tarifs-2025-page-2-001-746x1024.jpg\" alt=\"\" class=\"wp-image-316\" srcset=\"https:\/\/www.fullmotoservice.fr\/wp-content\/uploads\/2025\/01\/Tarifs-2025-page-2-001-746x1024.jpg 746w, https:\/\/www.fullmotoservice.fr\/wp-content\/uploads\/2025\/01\/Tarifs-2025-page-2-001-219x300.jpg 219w, https:\/\/www.fullmotoservice.fr\/wp-content\/uploads\/2025\/01\/Tarifs-2025-page-2-001-768x1054.jpg 768w, https:\/\/www.fullmotoservice.fr\/wp-content\/uploads\/2025\/01\/Tarifs-2025-page-2-001-1119x1536.jpg 1119w, https:\/\/www.fullmotoservice.fr\/wp-content\/uploads\/2025\/01\/Tarifs-2025-page-2-001-1492x2048.jpg 1492w, https:\/\/www.fullmotoservice.fr\/wp-content\/uploads\/2025\/01\/Tarifs-2025-page-2-001-scaled.jpg 1865w\" sizes=\"auto, (max-width: 746px) 100vw, 746px\" \/><\/figure>\n<\/div>\n\n\n<p><\/p>\n\n\n\n<h2 class=\"wp-block-heading\">Le nettoyage aux ultrasons<\/h2>\n\n\n\n<figure class=\"wp-block-image\"><img loading=\"lazy\" decoding=\"async\" width=\"1024\" height=\"768\" src=\"http:\/\/www.fullmotoservice.fr\/wp-content\/uploads\/2019\/11\/DSCF0293-1024x768.jpg\" alt=\"\" class=\"wp-image-170\" srcset=\"https:\/\/www.fullmotoservice.fr\/wp-content\/uploads\/2019\/11\/DSCF0293-1024x768.jpg 1024w, https:\/\/www.fullmotoservice.fr\/wp-content\/uploads\/2019\/11\/DSCF0293-300x225.jpg 300w, https:\/\/www.fullmotoservice.fr\/wp-content\/uploads\/2019\/11\/DSCF0293-768x576.jpg 768w\" sizes=\"auto, (max-width: 1024px) 100vw, 1024px\" \/><figcaption class=\"wp-element-caption\">avant<\/figcaption><\/figure>\n\n\n\n<figure class=\"wp-block-image\"><img loading=\"lazy\" decoding=\"async\" width=\"1024\" height=\"768\" src=\"http:\/\/www.fullmotoservice.fr\/wp-content\/uploads\/2019\/11\/DSCF0304-1024x768.jpg\" alt=\"\" class=\"wp-image-174\" srcset=\"https:\/\/www.fullmotoservice.fr\/wp-content\/uploads\/2019\/11\/DSCF0304-1024x768.jpg 1024w, https:\/\/www.fullmotoservice.fr\/wp-content\/uploads\/2019\/11\/DSCF0304-300x225.jpg 300w, https:\/\/www.fullmotoservice.fr\/wp-content\/uploads\/2019\/11\/DSCF0304-768x576.jpg 768w\" sizes=\"auto, (max-width: 1024px) 100vw, 1024px\" \/><figcaption class=\"wp-element-caption\">pendant<\/figcaption><\/figure>\n\n\n\n<figure class=\"wp-block-image\"><img loading=\"lazy\" decoding=\"async\" width=\"1024\" height=\"768\" src=\"http:\/\/www.fullmotoservice.fr\/wp-content\/uploads\/2019\/11\/DSCF0324-1024x768.jpg\" alt=\"\" class=\"wp-image-171\" srcset=\"https:\/\/www.fullmotoservice.fr\/wp-content\/uploads\/2019\/11\/DSCF0324-1024x768.jpg 1024w, https:\/\/www.fullmotoservice.fr\/wp-content\/uploads\/2019\/11\/DSCF0324-300x225.jpg 300w, https:\/\/www.fullmotoservice.fr\/wp-content\/uploads\/2019\/11\/DSCF0324-768x576.jpg 768w\" sizes=\"auto, (max-width: 1024px) 100vw, 1024px\" \/><figcaption class=\"wp-element-caption\">apr\u00e8s<\/figcaption><\/figure>\n\n\n\n<blockquote class=\"wp-block-quote is-style-large is-layout-flow wp-block-quote-is-layout-flow\">\n<p>Ce qui compte bien sur, c&rsquo;est le nettoyage interne de tous les conduits impossible d&rsquo;acc\u00e8s. <\/p>\n\n\n\n<p>Accompagn\u00e9s de joints neufs, les carbus redeviennent parfaitement r\u00e9glables et op\u00e9rationnels.<\/p>\n<\/blockquote>\n\n\n\n<p> N.B: le nettoyage aux ultrasons n&rsquo;est pas exclusivement r\u00e9serv\u00e9 aux  carburateurs de motos. Utilis\u00e9 notamment pour le nettoyage de bijoux ou de pi\u00e8ces d&rsquo;horlogerie, il  permet \u00e9galement de nettoyer rapidement et en profondeur des pi\u00e8ces  diverses, tr\u00e8s difficile d\u2019acc\u00e8s, fragiles ou ind\u00e9montables (pompes,  robinets, visserie, pi\u00e8ce de mod\u00e9lisme ou de machine agricole etc.).  Ceci peut \u00eatre tr\u00e8s utile pour vos projets de restauration&#8230; <\/p>\n","protected":false},"excerpt":{"rendered":"<div class=\"slide-text-bg2\"><span>Le nettoyage aux ultrasons Ce qui compte bien sur, c&rsquo;est le nettoyage interne de tous les conduits impossible d&rsquo;acc\u00e8s. Accompagn\u00e9s de joints <\/span><\/div>\n<div class=\"slide-btn-area-sm\"><a href=\"https:\/\/www.fullmotoservice.fr\/index.php\/les-motos\/\" class=\"slide-btn-sm\">Lire la suite<\/a><\/div>\n","protected":false},"author":1,"featured_media":0,"parent":0,"menu_order":0,"comment_status":"closed","ping_status":"closed","template":"","meta":{"footnotes":""},"class_list":["post-27","page","type-page","status-publish","hentry"],"_links":{"self":[{"href":"https:\/\/www.fullmotoservice.fr\/index.php\/wp-json\/wp\/v2\/pages\/27","targetHints":{"allow":["GET"]}}],"collection":[{"href":"https:\/\/www.fullmotoservice.fr\/index.php\/wp-json\/wp\/v2\/pages"}],"about":[{"href":"https:\/\/www.fullmotoservice.fr\/index.php\/wp-json\/wp\/v2\/types\/page"}],"author":[{"embeddable":true,"href":"https:\/\/www.fullmotoservice.fr\/index.php\/wp-json\/wp\/v2\/users\/1"}],"replies":[{"embeddable":true,"href":"https:\/\/www.fullmotoservice.fr\/index.php\/wp-json\/wp\/v2\/comments?post=27"}],"version-history":[{"count":31,"href":"https:\/\/www.fullmotoservice.fr\/index.php\/wp-json\/wp\/v2\/pages\/27\/revisions"}],"predecessor-version":[{"id":317,"href":"https:\/\/www.fullmotoservice.fr\/index.php\/wp-json\/wp\/v2\/pages\/27\/revisions\/317"}],"wp:attachment":[{"href":"https:\/\/www.fullmotoservice.fr\/index.php\/wp-json\/wp\/v2\/media?parent=27"}],"curies":[{"name":"wp","href":"https:\/\/api.w.org\/{rel}","templated":true}]}}