{"id":177,"date":"2019-11-03T19:00:18","date_gmt":"2019-11-03T18:00:18","guid":{"rendered":"http:\/\/www.fullmotoservice.fr\/?page_id=177"},"modified":"2024-04-23T21:08:08","modified_gmt":"2024-04-23T19:08:08","slug":"les-produits-et-pieces-detachees","status":"publish","type":"page","link":"https:\/\/www.fullmotoservice.fr\/index.php\/les-produits-et-pieces-detachees\/","title":{"rendered":"Les produits et pi\u00e8ces d\u00e9tach\u00e9es"},"content":{"rendered":"<div class=\"wp-block-image\">\n<figure class=\"aligncenter\"><img loading=\"lazy\" decoding=\"async\" width=\"1024\" height=\"768\" src=\"http:\/\/www.fullmotoservice.fr\/wp-content\/uploads\/2019\/11\/DSCF0286-1024x768.jpg\" alt=\"\" class=\"wp-image-192\" style=\"aspect-ratio:16\/9;object-fit:cover\" srcset=\"https:\/\/www.fullmotoservice.fr\/wp-content\/uploads\/2019\/11\/DSCF0286-1024x768.jpg 1024w, https:\/\/www.fullmotoservice.fr\/wp-content\/uploads\/2019\/11\/DSCF0286-300x225.jpg 300w, https:\/\/www.fullmotoservice.fr\/wp-content\/uploads\/2019\/11\/DSCF0286-768x576.jpg 768w\" sizes=\"auto, (max-width: 1024px) 100vw, 1024px\" \/><\/figure>\n<\/div>\n\n\n<p><\/p>\n\n\n\n<p class=\"has-text-align-center\"><strong>La gamme huile et produit d&rsquo;entretien MOTUL disponible en magasin.<br>Vos filtres \u00e0 huile, ampoules ou encore chambres \u00e0 air tout type en stock ou sur commande.<\/strong><\/p>\n\n\n<div class=\"wp-block-image\">\n<figure class=\"aligncenter\"><img loading=\"lazy\" decoding=\"async\" width=\"1024\" height=\"768\" src=\"http:\/\/www.fullmotoservice.fr\/wp-content\/uploads\/2019\/11\/DSCF0379-1024x768.jpg\" alt=\"\" class=\"wp-image-193\" style=\"aspect-ratio:16\/9;object-fit:cover\" srcset=\"https:\/\/www.fullmotoservice.fr\/wp-content\/uploads\/2019\/11\/DSCF0379-1024x768.jpg 1024w, https:\/\/www.fullmotoservice.fr\/wp-content\/uploads\/2019\/11\/DSCF0379-300x225.jpg 300w, https:\/\/www.fullmotoservice.fr\/wp-content\/uploads\/2019\/11\/DSCF0379-768x576.jpg 768w, https:\/\/www.fullmotoservice.fr\/wp-content\/uploads\/2019\/11\/DSCF0379.jpg 1600w\" sizes=\"auto, (max-width: 1024px) 100vw, 1024px\" \/><figcaption class=\"wp-element-caption\"><strong> <\/strong><\/figcaption><\/figure>\n<\/div>\n\n\n<p class=\"has-text-align-center\"><strong>Toutes pi\u00e8ces d\u00e9tach\u00e9es ou accessoires sur commande. <br>(origine et adaptable- toutes \u00e9poques)<\/strong><\/p>\n\n\n<div class=\"wp-block-image\">\n<figure class=\"aligncenter\"><img loading=\"lazy\" decoding=\"async\" width=\"1024\" height=\"768\" src=\"http:\/\/www.fullmotoservice.fr\/wp-content\/uploads\/2019\/11\/DSCF0385-1024x768.jpg\" alt=\"\" class=\"wp-image-195\" style=\"aspect-ratio:16\/9;object-fit:cover\" srcset=\"https:\/\/www.fullmotoservice.fr\/wp-content\/uploads\/2019\/11\/DSCF0385-1024x768.jpg 1024w, https:\/\/www.fullmotoservice.fr\/wp-content\/uploads\/2019\/11\/DSCF0385-300x225.jpg 300w, https:\/\/www.fullmotoservice.fr\/wp-content\/uploads\/2019\/11\/DSCF0385-768x576.jpg 768w, https:\/\/www.fullmotoservice.fr\/wp-content\/uploads\/2019\/11\/DSCF0385.jpg 1600w\" sizes=\"auto, (max-width: 1024px) 100vw, 1024px\" \/><\/figure>\n<\/div>\n\n\n<p><\/p>\n\n\n\n<p class=\"has-text-align-center\"><strong>Tous types, tailles et marques de pneus disponibles sur commande.<br>Large choix et livraison rapide.<\/strong><\/p>\n","protected":false},"excerpt":{"rendered":"<div class=\"slide-text-bg2\"><span>La gamme huile et produit d&rsquo;entretien MOTUL disponible en magasin.Vos filtres \u00e0 huile, ampoules ou encore chambres \u00e0 air tout type en stock ou sur <\/span><\/div>\n<div class=\"slide-btn-area-sm\"><a href=\"https:\/\/www.fullmotoservice.fr\/index.php\/les-produits-et-pieces-detachees\/\" class=\"slide-btn-sm\">Lire la suite<\/a><\/div>\n","protected":false},"author":1,"featured_media":0,"parent":0,"menu_order":0,"comment_status":"closed","ping_status":"closed","template":"","meta":{"footnotes":""},"class_list":["post-177","page","type-page","status-publish","hentry"],"_links":{"self":[{"href":"https:\/\/www.fullmotoservice.fr\/index.php\/wp-json\/wp\/v2\/pages\/177","targetHints":{"allow":["GET"]}}],"collection":[{"href":"https:\/\/www.fullmotoservice.fr\/index.php\/wp-json\/wp\/v2\/pages"}],"about":[{"href":"https:\/\/www.fullmotoservice.fr\/index.php\/wp-json\/wp\/v2\/types\/page"}],"author":[{"embeddable":true,"href":"https:\/\/www.fullmotoservice.fr\/index.php\/wp-json\/wp\/v2\/users\/1"}],"replies":[{"embeddable":true,"href":"https:\/\/www.fullmotoservice.fr\/index.php\/wp-json\/wp\/v2\/comments?post=177"}],"version-history":[{"count":10,"href":"https:\/\/www.fullmotoservice.fr\/index.php\/wp-json\/wp\/v2\/pages\/177\/revisions"}],"predecessor-version":[{"id":304,"href":"https:\/\/www.fullmotoservice.fr\/index.php\/wp-json\/wp\/v2\/pages\/177\/revisions\/304"}],"wp:attachment":[{"href":"https:\/\/www.fullmotoservice.fr\/index.php\/wp-json\/wp\/v2\/media?parent=177"}],"curies":[{"name":"wp","href":"https:\/\/api.w.org\/{rel}","templated":true}]}}